{"id":180,"date":"2026-01-16T15:14:27","date_gmt":"2026-01-16T14:14:27","guid":{"rendered":"https:\/\/sereinigg.com\/?page_id=180"},"modified":"2026-01-16T15:53:39","modified_gmt":"2026-01-16T14:53:39","slug":"ueber-mich","status":"publish","type":"page","link":"https:\/\/sereinigg.com\/index.php\/ueber-mich\/","title":{"rendered":"\u00dcber mich"},"content":{"rendered":"\t\t<div data-elementor-type=\"wp-page\" data-elementor-id=\"180\" class=\"elementor elementor-180\">\n\t\t\t\t<div class=\"elementor-element elementor-element-63d3369 e-flex e-con-boxed e-con e-parent\" data-id=\"63d3369\" data-element_type=\"container\" data-e-type=\"container\">\n\t\t\t\t\t<div class=\"e-con-inner\">\n\t\t<div class=\"elementor-element elementor-element-9ff91e0 e-con-full e-flex e-con e-child\" data-id=\"9ff91e0\" data-element_type=\"container\" data-e-type=\"container\">\n\t\t\t\t<div class=\"elementor-element elementor-element-10874c2 elementor-widget elementor-widget-image\" data-id=\"10874c2\" data-element_type=\"widget\" data-e-type=\"widget\" data-widget_type=\"image.default\">\n\t\t\t\t\t\t\t\t\t\t\t\t\t\t\t<img fetchpriority=\"high\" decoding=\"async\" width=\"748\" height=\"822\" src=\"https:\/\/sereinigg.com\/wp-content\/uploads\/2026\/01\/2019-05-30_18-40-11.jpg\" class=\"attachment-large size-large wp-image-108\" alt=\"\" srcset=\"https:\/\/sereinigg.com\/wp-content\/uploads\/2026\/01\/2019-05-30_18-40-11.jpg 748w, https:\/\/sereinigg.com\/wp-content\/uploads\/2026\/01\/2019-05-30_18-40-11-273x300.jpg 273w\" sizes=\"(max-width: 748px) 100vw, 748px\" \/>\t\t\t\t\t\t\t\t\t\t\t\t\t\t\t<\/div>\n\t\t\t\t<div class=\"elementor-element elementor-element-b2f0955 elementor-widget elementor-widget-text-editor\" data-id=\"b2f0955\" data-element_type=\"widget\" data-e-type=\"widget\" data-widget_type=\"text-editor.default\">\n\t\t\t\t\t\t\t\t\t<p style=\"text-align: center; background-color: black; color: white; padding: 20px;\">Peter Sereinigg\nUnternehmensberater,\nMentaltrainer im unRUHESTAND\nund in der Freizeit Trainer\/Coach f\u00fcr Hunde &amp; Menschen.<\/p>\t\t\t\t\t\t\t\t<\/div>\n\t\t\t\t<\/div>\n\t\t<div class=\"elementor-element elementor-element-9b69c0c e-con-full e-flex e-con e-child\" data-id=\"9b69c0c\" data-element_type=\"container\" data-e-type=\"container\">\n\t\t\t\t<div class=\"elementor-element elementor-element-fcd354a elementor-widget elementor-widget-text-editor\" data-id=\"fcd354a\" data-element_type=\"widget\" data-e-type=\"widget\" data-widget_type=\"text-editor.default\">\n\t\t\t\t\t\t\t\t\t<div style=\"background-color: black; color: white; padding: 30px; font-family: Arial, sans-serif;\"><h4><strong>Unternehmensberater im (Un-)Ruhestand,<\/strong><\/h4><h4><strong>Mentaltrainer,<\/strong><\/h4><h4><strong>in der Freizeit Trainer\/Coach f\u00fcr Hunde &amp; Menschen.<\/strong><\/h4><p><strong>Ich:<\/strong> Ich bin eine Sanduhr, die alle dynamisch sahen, die niemand mehr umdreht. Ich bin ein Gletscher, der sein Wasser f\u00fcr Leben gab, aber Schnee kam keiner mehr um mich zu n\u00e4hren. Ich bin ein Korn, das niemand mehr in die Erde legt und wachsen l\u00e4sst.<br \/>\u00a0<strong>Es gibt f\u00fcr mich keine Erde mehr.<\/strong><\/p><p>I<strong>ch &amp; Ich:<\/strong> Ich bin der Sand meiner Uhr und ich dreh diese selbst um. Ich bin der Gletscher der Wasser speichert und ich spende meinem Gletscher auch mein Wasser.<br \/><strong>Ich bin das Korn das w\u00e4chst und die Erde, die wachsen l\u00e4sst.<\/strong><\/p><p><strong>Du und Ich:<\/strong> Wir drehen uns gegenseitig, damit unsere Zeit flie\u00dfen kann. Wir spenden uns Wasser, um unsere Gletscher zu n\u00e4hren.<br \/>\u00a0<strong>Wir sind das Korn in der Erde des Anderen.<\/strong><\/p><\/div>\t\t\t\t\t\t\t\t<\/div>\n\t\t\t\t<\/div>\n\t\t\t\t\t<\/div>\n\t\t\t\t<\/div>\n\t\t\t\t<\/div>\n\t\t","protected":false},"excerpt":{"rendered":"<p>Peter Sereinigg Unternehmensberater, Mentaltrainer im unRUHESTAND und in der Freizeit Trainer\/Coach f\u00fcr Hunde &amp; Menschen. Unternehmensberater im (Un-)Ruhestand, Mentaltrainer, in der Freizeit Trainer\/Coach f\u00fcr Hunde &amp; Menschen. Ich: Ich bin eine Sanduhr, die alle dynamisch sahen, die niemand mehr umdreht. Ich bin ein Gletscher, der sein Wasser f\u00fcr Leben gab, aber Schnee kam keiner mehr&hellip;&nbsp;<a href=\"https:\/\/sereinigg.com\/index.php\/ueber-mich\/\" rel=\"bookmark\"><span class=\"screen-reader-text\">\u00dcber mich<\/span><\/a><\/p>\n","protected":false},"author":1,"featured_media":0,"parent":0,"menu_order":0,"comment_status":"closed","ping_status":"closed","template":"page-templates\/template-pagebuilder-full-width.php","meta":{"_monsterinsights_skip_tracking":false,"_monsterinsights_sitenote_active":false,"_monsterinsights_sitenote_note":"","_monsterinsights_sitenote_category":0,"neve_meta_sidebar":"","neve_meta_container":"","neve_meta_enable_content_width":"","neve_meta_content_width":0,"neve_meta_title_alignment":"","neve_meta_author_avatar":"","neve_post_elements_order":"","neve_meta_disable_header":"","neve_meta_disable_footer":"","neve_meta_disable_title":"","footnotes":""},"class_list":["post-180","page","type-page","status-publish","hentry"],"_links":{"self":[{"href":"https:\/\/sereinigg.com\/index.php\/wp-json\/wp\/v2\/pages\/180","targetHints":{"allow":["GET"]}}],"collection":[{"href":"https:\/\/sereinigg.com\/index.php\/wp-json\/wp\/v2\/pages"}],"about":[{"href":"https:\/\/sereinigg.com\/index.php\/wp-json\/wp\/v2\/types\/page"}],"author":[{"embeddable":true,"href":"https:\/\/sereinigg.com\/index.php\/wp-json\/wp\/v2\/users\/1"}],"replies":[{"embeddable":true,"href":"https:\/\/sereinigg.com\/index.php\/wp-json\/wp\/v2\/comments?post=180"}],"version-history":[{"count":10,"href":"https:\/\/sereinigg.com\/index.php\/wp-json\/wp\/v2\/pages\/180\/revisions"}],"predecessor-version":[{"id":201,"href":"https:\/\/sereinigg.com\/index.php\/wp-json\/wp\/v2\/pages\/180\/revisions\/201"}],"wp:attachment":[{"href":"https:\/\/sereinigg.com\/index.php\/wp-json\/wp\/v2\/media?parent=180"}],"curies":[{"name":"wp","href":"https:\/\/api.w.org\/{rel}","templated":true}]}}