{"id":273,"date":"2026-01-17T11:59:11","date_gmt":"2026-01-17T10:59:11","guid":{"rendered":"https:\/\/sereinigg.com\/?page_id=273"},"modified":"2026-01-17T13:39:13","modified_gmt":"2026-01-17T12:39:13","slug":"meine-geschichten","status":"publish","type":"page","link":"https:\/\/sereinigg.com\/index.php\/meine-geschichten\/","title":{"rendered":"Meine Geschichten"},"content":{"rendered":"\t\t<div data-elementor-type=\"wp-page\" data-elementor-id=\"273\" class=\"elementor elementor-273\">\n\t\t\t\t<div class=\"elementor-element elementor-element-082db36 e-flex e-con-boxed e-con e-parent\" data-id=\"082db36\" data-element_type=\"container\" data-e-type=\"container\">\n\t\t\t\t\t<div class=\"e-con-inner\">\n\t\t\t\t<div class=\"elementor-element elementor-element-662e3f8 elementor-widget__width-initial elementor-widget elementor-widget-image\" data-id=\"662e3f8\" data-element_type=\"widget\" data-e-type=\"widget\" data-widget_type=\"image.default\">\n\t\t\t\t\t\t\t\t\t\t\t\t\t\t\t<img fetchpriority=\"high\" decoding=\"async\" width=\"169\" height=\"300\" src=\"https:\/\/sereinigg.com\/wp-content\/uploads\/2026\/01\/Der-alte-Baumstamm-169x300-1.jpg\" class=\"attachment-large size-large wp-image-256\" alt=\"\" \/>\t\t\t\t\t\t\t\t\t\t\t\t\t\t\t<\/div>\n\t\t\t\t<div class=\"elementor-element elementor-element-74e55ba elementor-widget elementor-widget-text-editor\" data-id=\"74e55ba\" data-element_type=\"widget\" data-e-type=\"widget\" data-widget_type=\"text-editor.default\">\n\t\t\t\t\t\t\t\t\t<h3><span style=\"font-family: Arial; font-size: 16px; color: #ffffff;\" data-darkreader-inline-color=\"\"><a href=\"https:\/\/sereinigg.com\/wp-content\/uploads\/2026\/01\/Der-alte-Baumstamm-1.pdf\">Der alte Baumstamm<\/a><br \/><\/span><\/h3><h5><span style=\"color: #ffffff; font-family: Arial; font-size: 12px;\" data-darkreader-inline-color=\"\">Wer mit offenem Herzen durch den Wald geht, h\u00f6rt wie B\u00e4ume\u00a0<\/span><span style=\"color: #ffffff; font-family: Arial; font-size: 12px;\" data-darkreader-inline-color=\"\">Geschichten von lang vergangener Zeit erz\u00e4hlen, die sie von\u00a0<\/span><span style=\"color: #ffffff; font-family: Arial; font-size: 12px;\" data-darkreader-inline-color=\"\">Generation zu Generation weitergeben, \u00fcber Jahrhunderte, wie\u00a0<\/span><span style=\"color: #ffffff; font-family: Arial; font-size: 12px;\" data-darkreader-inline-color=\"\">der Wind sich an den St\u00e4mmen reibt, verg\u00e4nglich und\u00a0<\/span><span style=\"color: #ffffff; font-family: Arial; font-size: 12px;\" data-darkreader-inline-color=\"\">wiederkommen, dazu murmelnd seine Kommentare abgibt und\u00a0<\/span><span style=\"color: #ffffff; font-family: Arial; font-size: 12px;\" data-darkreader-inline-color=\"\">wie sich V\u00f6gel die neuesten Geschichten vorsingen.<br \/><\/span><span style=\"color: #ffffff; font-family: Arial; font-size: 12px;\" data-darkreader-inline-color=\"\">Alles lebt. Alles?<\/span><\/h5>\t\t\t\t\t\t\t\t<\/div>\n\t\t\t\t\t<\/div>\n\t\t\t\t<\/div>\n\t\t<div class=\"elementor-element elementor-element-9d3034f e-flex e-con-boxed e-con e-parent\" data-id=\"9d3034f\" data-element_type=\"container\" data-e-type=\"container\">\n\t\t\t\t\t<div class=\"e-con-inner\">\n\t\t\t\t<div class=\"elementor-element elementor-element-85e8259 elementor-widget__width-initial elementor-widget elementor-widget-image\" data-id=\"85e8259\" data-element_type=\"widget\" data-e-type=\"widget\" data-widget_type=\"image.default\">\n\t\t\t\t\t\t\t\t\t\t\t\t\t\t\t<img decoding=\"async\" width=\"683\" height=\"1024\" src=\"https:\/\/sereinigg.com\/wp-content\/uploads\/2026\/01\/Mr.-Habe-trifft-den-Homo-Sapiens-2-0-683x1024.png\" class=\"attachment-large size-large wp-image-286\" alt=\"\" srcset=\"https:\/\/sereinigg.com\/wp-content\/uploads\/2026\/01\/Mr.-Habe-trifft-den-Homo-Sapiens-2-0-683x1024.png 683w, https:\/\/sereinigg.com\/wp-content\/uploads\/2026\/01\/Mr.-Habe-trifft-den-Homo-Sapiens-2-0-200x300.png 200w, https:\/\/sereinigg.com\/wp-content\/uploads\/2026\/01\/Mr.-Habe-trifft-den-Homo-Sapiens-2-0-768x1152.png 768w, https:\/\/sereinigg.com\/wp-content\/uploads\/2026\/01\/Mr.-Habe-trifft-den-Homo-Sapiens-2-0.png 1024w\" sizes=\"(max-width: 683px) 100vw, 683px\" \/>\t\t\t\t\t\t\t\t\t\t\t\t\t\t\t<\/div>\n\t\t\t\t<div class=\"elementor-element elementor-element-01a4082 elementor-widget elementor-widget-text-editor\" data-id=\"01a4082\" data-element_type=\"widget\" data-e-type=\"widget\" data-widget_type=\"text-editor.default\">\n\t\t\t\t\t\t\t\t\t<h4><a href=\"https:\/\/sereinigg.com\/wp-content\/uploads\/2026\/01\/mr-habe-trifft-den-Homo-Sapiens-2-0-.pdf\">mr-habe-trifft-den-Homo-Sapiens-2-0-<\/a><\/h4>\n<h1><span style=\"font-family: Arial; font-weight: bold; font-size: 16px; color: #ffffff; --darkreader-inline-color: var(--darkreader-text-ffffff, #e8e6e3);\" data-darkreader-inline-color=\"\">Warum habe ich dieses moderne M\u00e4rchen geschrieben?<\/span><\/h1>\n<span style=\"font-family: Arial; font-size: 12px; line-height: 0.8; color: #ffffff; --darkreader-inline-color: var(--darkreader-text-ffffff, #e8e6e3);\" data-darkreader-inline-color=\"\">Seit Jahren bin ich \u2013 wie jeder andere Mensch auch \u2013 mit der Tatsache konfrontiert, dass es technologisch bedingte Ver\u00e4nderungen im Leben jedes einzelnen und in der Gesellschaft gibt. Sehr oft aber wird nach dem Motto vorgegangen \u201e\u201eEs kann nicht sein, was nicht sein darf\u201c. Ich habe Menschen kennengelernt, die ohne R\u00fccksicht auf Verluste jedem neuen Trend nachgelaufen sind und ich habe Menschen kennen gelernt, die Fakten sogar dann noch leugneten, wenn sie davor gestanden sind. Menschen, die Argumente ignorierten oder mit unpassenden Vergleichen abgetan haben.\u00a0<\/span><span style=\"color: #ffffff; font-family: Arial; font-size: 12px; --darkreader-inline-color: var(--darkreader-text-ffffff, #e8e6e3);\" data-darkreader-inline-color=\"\">Es ist mir ein besonderes Anliegen, Menschen zum Nachdenken \u00fcber die eigene Verantwortung anzuregen. Insbesondere dann, wenn sie wichtige Multiplikatoren und somit Vorbilder f\u00fcr ihr Umfeld sind. Ich habe stundenlange Diskussionen \u00fcber m\u00f6gliche Entwicklungen gef\u00fchrt, was sich wie, wann, unter welchen Umst\u00e4nden entwickeln k\u00f6nnte und wie der Beitrag jedes einzelnen dazu aussehen k\u00f6nnte. Derzeit ist das Thema \u201evirtuelle Diskussion\u201c brandaktuell. Allzu oft bekomme ich auf die Frage \u201eWie gehst du mit dem Thema virtuelle Diskussion um und wie bereitest du dich und dein Umfeld darauf vor?\u201c, diese Antwort zur\u00fcck: \u201eDer pers\u00f6nliche Kontakt ist mir wichtiger\u201c.\u00a0<\/span><span style=\"color: #ffffff; font-family: Arial; font-size: 12px; --darkreader-inline-color: var(--darkreader-text-ffffff, #e8e6e3);\" data-darkreader-inline-color=\"\">So ist die Idee entstanden das \u201eUnerkl\u00e4rbare\u201c in eine Geschichte zu verpacken. Eine Mischung aus modernem M\u00e4rchen, unter Ber\u00fccksichtigung historischer Fakten, mit einem Ausblick in die Zukunft.\u00a0<\/span>\t\t\t\t\t\t\t\t<\/div>\n\t\t\t\t\t<\/div>\n\t\t\t\t<\/div>\n\t\t\t\t<\/div>\n\t\t","protected":false},"excerpt":{"rendered":"<p>Der alte Baumstamm Wer mit offenem Herzen durch den Wald geht, h\u00f6rt wie B\u00e4ume\u00a0Geschichten von lang vergangener Zeit erz\u00e4hlen, die sie von\u00a0Generation zu Generation weitergeben, \u00fcber Jahrhunderte, wie\u00a0der Wind sich an den St\u00e4mmen reibt, verg\u00e4nglich und\u00a0wiederkommen, dazu murmelnd seine Kommentare abgibt und\u00a0wie sich V\u00f6gel die neuesten Geschichten vorsingen.Alles lebt. Alles? mr-habe-trifft-den-Homo-Sapiens-2-0- Warum habe ich dieses&hellip;&nbsp;<a href=\"https:\/\/sereinigg.com\/index.php\/meine-geschichten\/\" rel=\"bookmark\"><span class=\"screen-reader-text\">Meine Geschichten<\/span><\/a><\/p>\n","protected":false},"author":1,"featured_media":0,"parent":0,"menu_order":0,"comment_status":"closed","ping_status":"closed","template":"page-templates\/template-pagebuilder-full-width.php","meta":{"_monsterinsights_skip_tracking":false,"_monsterinsights_sitenote_active":false,"_monsterinsights_sitenote_note":"","_monsterinsights_sitenote_category":0,"neve_meta_sidebar":"","neve_meta_container":"","neve_meta_enable_content_width":"","neve_meta_content_width":0,"neve_meta_title_alignment":"","neve_meta_author_avatar":"","neve_post_elements_order":"","neve_meta_disable_header":"","neve_meta_disable_footer":"","neve_meta_disable_title":"","footnotes":""},"class_list":["post-273","page","type-page","status-publish","hentry"],"_links":{"self":[{"href":"https:\/\/sereinigg.com\/index.php\/wp-json\/wp\/v2\/pages\/273","targetHints":{"allow":["GET"]}}],"collection":[{"href":"https:\/\/sereinigg.com\/index.php\/wp-json\/wp\/v2\/pages"}],"about":[{"href":"https:\/\/sereinigg.com\/index.php\/wp-json\/wp\/v2\/types\/page"}],"author":[{"embeddable":true,"href":"https:\/\/sereinigg.com\/index.php\/wp-json\/wp\/v2\/users\/1"}],"replies":[{"embeddable":true,"href":"https:\/\/sereinigg.com\/index.php\/wp-json\/wp\/v2\/comments?post=273"}],"version-history":[{"count":21,"href":"https:\/\/sereinigg.com\/index.php\/wp-json\/wp\/v2\/pages\/273\/revisions"}],"predecessor-version":[{"id":302,"href":"https:\/\/sereinigg.com\/index.php\/wp-json\/wp\/v2\/pages\/273\/revisions\/302"}],"wp:attachment":[{"href":"https:\/\/sereinigg.com\/index.php\/wp-json\/wp\/v2\/media?parent=273"}],"curies":[{"name":"wp","href":"https:\/\/api.w.org\/{rel}","templated":true}]}}